{"id":1399,"date":"2023-04-13T09:18:29","date_gmt":"2023-04-13T08:18:29","guid":{"rendered":"https:\/\/alstilen.com\/?page_id=1399"},"modified":"2023-04-13T09:20:18","modified_gmt":"2023-04-13T08:20:18","slug":"services-2","status":"publish","type":"page","link":"https:\/\/www.alstilen.com\/en\/services-2\/","title":{"rendered":"Services"},"content":{"rendered":"\n<div class=\"alignwide wp-block-ugb-container ugb-container ugb-6d307ae ugb-container--v2 ugb-container--design-basic ugb-main-block\"><style>.ugb-6d307ae-wrapper.ugb-container__wrapper{border-radius:25px !important;background-color:#3c2204 !important;background-image:url(https:\/\/alstilen.com\/wp-content\/uploads\/2022\/03\/Fraisage-04-scaled.jpg);background-position:center center;background-repeat:no-repeat;background-size:cover !important}.ugb-6d307ae-wrapper.ugb-container__wrapper:before{background-color:#3c2204 !important;opacity:0.3}.ugb-6d307ae-content-wrapper > h1,.ugb-6d307ae-content-wrapper > h2,.ugb-6d307ae-content-wrapper > h3,.ugb-6d307ae-content-wrapper > h4,.ugb-6d307ae-content-wrapper > h5,.ugb-6d307ae-content-wrapper > h6{color:#ffffff}.ugb-6d307ae-content-wrapper > p,.ugb-6d307ae-content-wrapper > ol li,.ugb-6d307ae-content-wrapper > ul li{color:#ffffff}@media screen and (min-width:768px){.ugb-6d307ae.ugb-container{margin-bottom:0px !important}}@media screen and (min-width:768px){.ugb-6d307ae > .ugb-inner-block > .ugb-block-content > *{padding-top:180px !important;padding-bottom:51px !important;padding-right:80px !important;padding-left:80px !important}}@media screen and (max-width:768px){.ugb-6d307ae > .ugb-inner-block > .ugb-block-content > *{padding-top:100px !important;padding-bottom:60px !important}}<\/style><div class=\"ugb-inner-block\"><div class=\"ugb-block-content\"><div class=\"ugb-container__wrapper ugb-6d307ae-wrapper ugb--shadow-0 ugb--has-background-overlay\"><div class=\"ugb-container__side\"><div class=\"ugb-container__content-wrapper ugb-6d307ae-content-wrapper\">\n<div class=\"wp-block-ugb-heading ugb-heading ugb-5530659 ugb-main-block ugb--has-custom-content-width ugb--has-custom-content-width-tablet\"><style>.ugb-5530659 .ugb-heading__title{color:#ffffff;font-size:40px !important;line-height:1.1em !important;margin-bottom:0px !important}.ugb-5530659.ugb-heading{justify-content:flex-start}.ugb-5530659.ugb-heading > .ugb-inner-block{max-width:45% !important}@media screen and (min-width:768px){.ugb-5530659.ugb-heading{margin-bottom:0px !important}}@media screen and (max-width:1025px){.ugb-5530659 .ugb-heading__title{text-align:center}.ugb-5530659 .ugb-inner-block{text-align:center}.ugb-5530659.ugb-heading > .ugb-inner-block{max-width:100% !important}}@media screen and (max-width:768px){.ugb-5530659 .ugb-heading__title{font-size:30px !important}}<\/style><div class=\"ugb-inner-block\"><div class=\"ugb-block-content\"><h2 class=\"ugb-heading__title\"><strong>Design, manufacture and inspection of high-precision parts<\/strong><\/h2><\/div><\/div><\/div>\n\n\n\n<div class=\"wp-block-stackable-columns stk-block-columns stk-block stk-4c87cb9\" data-block-id=\"4c87cb9\"><style>.stk-4c87cb9{bottom:-60px !important}.stk-4c87cb9-column{--stk-column-gap:0px !important;row-gap:0px !important}<\/style><div class=\"stk-row stk-inner-blocks stk-block-content stk-content-align stk-4c87cb9-column\">\n<div class=\"wp-block-stackable-column stk-block-column stk-block-column--v3 stk-column stk-block-column--v2 stk-block stk-c69b602\" data-block-id=\"c69b602\"><div class=\"stk-column-wrapper stk-block-column__content stk-container stk-c69b602-container stk--no-background stk--no-padding\"><div class=\"stk-block-content stk-inner-blocks stk-c69b602-inner-blocks\">\n<div class=\"wp-block-stackable-heading stk-block-heading stk-block-heading--v2 stk-block stk-ed49831\" data-block-id=\"ed49831\"><style>.stk-ed49831 .stk-block-heading__text{color:var(u002du002dtheme-palette-color-7,#FBFBFB) !important}<\/style><h4 class=\"stk-block-heading__text has-text-color has-palette-color-7-color stk-block-heading--use-theme-margins\"><\/h4><\/div>\n<\/div><\/div><\/div>\n\n\n\n<div class=\"wp-block-stackable-column stk-block-column stk-block-column--v3 stk-column stk-block-column--v2 stk-block stk-c550111\" data-block-id=\"c550111\"><div class=\"stk-column-wrapper stk-block-column__content stk-container stk-c550111-container stk--no-background stk--no-padding\"><div class=\"stk-block-content stk-inner-blocks stk-c550111-inner-blocks\"><\/div><\/div><\/div>\n\n\n\n<div class=\"wp-block-stackable-column stk-block-column stk-block-column--v3 stk-column stk-block-column--v2 stk-block stk-7b7d8af\" data-block-id=\"7b7d8af\"><div class=\"stk-column-wrapper stk-block-column__content stk-container stk-7b7d8af-container stk--no-background stk--no-padding\"><div class=\"stk-block-content stk-inner-blocks stk-7b7d8af-inner-blocks\">\n<div class=\"wp-block-stackable-heading stk-block-heading stk-block-heading--v2 stk-block stk-0f0388b\" id=\"strong-quote-within-48-hours-strong-br-strong-delivery-within-4-weeks-strong\" data-block-id=\"0f0388b\"><style>.stk-0f0388b .stk-block-heading__text{color:var(u002du002dtheme-palette-color-7,#FBFBFB) !important}<\/style><h4 class=\"stk-block-heading__text has-text-color has-palette-color-7-color has-text-align-right stk-block-heading--use-theme-margins\"><strong>Quote within 48 hours<\/strong><br> <strong>Delivery within 4 weeks<\/strong> <\/h4><\/div>\n<\/div><\/div><\/div>\n<\/div><\/div>\n<\/div><\/div><\/div><\/div><\/div><\/div>\n\n\n\n<div class=\"alignfull wp-block-ugb-container ugb-container ugb-5e4666e ugb-container--v2 ugb-container--design-plain ugb-main-block ugb-main-block--inner-center ugb--has-block-background ugb--has-background-overlay\"><style>.ugb-5e4666e.ugb-container{background-image:url(https:\/\/alstilen.com\/wp-content\/uploads\/2021\/07\/decorative-shape.svg);background-position:center right;background-repeat:no-repeat;background-size:850px !important}.ugb-5e4666e{padding:0 !important}.ugb-5e4666e.ugb-container:before{opacity:0.5}@media screen and (max-width:1025px){.ugb-5e4666e.ugb-container{background-position:center right;background-size:600px !important}}@media screen and (max-width:768px){.ugb-5e4666e.ugb-container{background-size:400px !important}}@media screen and (min-width:768px){.ugb-5e4666e > .ugb-inner-block > .ugb-block-content > *{padding-top:100px !important;padding-bottom:100px !important}}<\/style><div class=\"ugb-inner-block ugb-inner-block--center\"><div class=\"ugb-block-content\"><div class=\"ugb-container__wrapper ugb-5e4666e-wrapper\"><div class=\"ugb-container__side\"><div class=\"ugb-container__content-wrapper ugb-5e4666e-content-wrapper\">\n<div class=\"wp-block-ugb-heading alignwide ugb-heading ugb-b0dfa0a ugb-main-block ugb--has-custom-content-width\"><style>.ugb-b0dfa0a .ugb-heading__title{color:var(u002du002dtheme-palette-color-3,#6e6d76);text-align:center;margin-bottom:-33px !important}.ugb-b0dfa0a .ugb-inner-block{text-align:center}.ugb-b0dfa0a.ugb-heading > .ugb-inner-block{max-width:700px !important}@media screen and (min-width:768px){.ugb-b0dfa0a.ugb-heading{margin-bottom:60px !important}}@media screen and (max-width:768px){.ugb-b0dfa0a .ugb-heading__title{font-size:30px !important}}<\/style><div class=\"ugb-inner-block\"><div class=\"ugb-block-content\"><h2 class=\"ugb-heading__title\"><strong>Our services<\/strong><\/h2><\/div><\/div><\/div>\n\n\n\n<div class=\"wp-block-ugb-text ugb-text ugb-1c8ae40 ugb-text--design-plain ugb-text--columns-1 ugb-main-block\"><style>.ugb-1c8ae40 .ugb-text__text p{font-size:20px !important}.ugb-1c8ae40 .ugb-inner-block{text-align:center}<\/style><div class=\"ugb-inner-block\"><div class=\"ugb-block-content\"><div class=\"ugb-text__text-wrapper\"><div class=\"ugb-text__text\"><p class=\"ugb-text__text-1\">We work to the highest standards based on our customers\u2019 plans (CAT files and plans). The plans are studied by our engineering and design team to validate upstream the coherence of the functional dimensioning with our machining capacity, delivering a quote within\u00a0<strong>48 hours<\/strong>.<br>Drawing on our experience in designing machined parts, we can help you come up with a detailed and customised design.<\/p><\/div><\/div><\/div><\/div><\/div>\n\n\n\n<div class=\"wp-block-ugb-spacer ugb-spacer ugb-811dd51 ugb-spacer--v2 ugb-main-block\"><style>@media screen and (min-width:768px){.ugb-811dd51.ugb-spacer{height:60px !important}}<\/style><div class=\"ugb-inner-block\"><div class=\"ugb-block-content\"><div class=\"ugb-spacer--inner\"><\/div><\/div><\/div><\/div>\n\n\n\n<div class=\"wp-block-ugb-feature-grid ugb-feature-grid ugb-017871b ugb-feature-grid--v2 ugb-feature-grid--columns-3 ugb-feature-grid--design-basic ugb-main-block\"><style>.ugb-017871b .ugb-feature-grid__item{border-radius:25px !important}.ugb-017871b .ugb-img{width:96px;height:auto !important}.ugb-017871b .ugb-img,.ugb-017871b .ugb-feature-grid__image{margin-left:auto !important;margin-right:auto !important}.ugb-017871b .ugb-feature-grid__title{text-align:center;margin-bottom:20px !important}.ugb-017871b .ugb-feature-grid__description{text-align:center;margin-bottom:0px !important}.ugb-017871b .ugb-feature-grid__image{margin-bottom:60px !important}.ugb-017871b .ugb-inner-block{text-align:center}@media screen and (min-width:768px){.ugb-017871b > .ugb-inner-block > .ugb-block-content > *{padding-top:10% !important;padding-bottom:10% !important;padding-right:10% !important;padding-left:10% !important}}@media screen and (max-width:768px){.ugb-017871b > .ugb-inner-block > .ugb-block-content > *{padding-top:10% !important;padding-right:10% !important;padding-bottom:10% !important;padding-left:10% !important}}<\/style><div class=\"ugb-inner-block\"><div class=\"ugb-block-content\"><div class=\"ugb-feature-grid__item ugb-feature-grid__item1 ugb--shadow-6\"><div class=\"ugb-feature-grid__image\"><img decoding=\"async\" class=\"ugb-img wp-image-777\" src=\"https:\/\/alstilen.com\/wp-content\/uploads\/2022\/03\/plan.png\" alt=\"T\u00e9l\u00e9charger vos plans\" title=\"\" width=\"96\" srcset=\"https:\/\/www.alstilen.com\/wp-content\/uploads\/2022\/03\/plan.png 220w, https:\/\/www.alstilen.com\/wp-content\/uploads\/2022\/03\/plan-150x150.png 150w\" sizes=\"(max-width: 220px) 100vw, 220px\" \/><\/div><div class=\"ugb-feature-grid__content\"><h5 class=\"ugb-feature-grid__title\"><a href=\"https:\/\/alstilen.com\/en\/contact-en\/\"><span style=\"color: #2c60fa;\" class=\"stk-highlight\">Upload your plans<\/span><\/a><\/h5><p class=\"ugb-feature-grid__description\">Once we\u2019ve received your request, our design team will contact you to check the feasibility and details of your plans if required.<\/p><\/div><\/div><div class=\"ugb-feature-grid__item ugb-feature-grid__item2 ugb--shadow-6\"><div class=\"ugb-feature-grid__image\"><img decoding=\"async\" class=\"ugb-img wp-image-779\" src=\"https:\/\/alstilen.com\/wp-content\/uploads\/2022\/03\/devis.png\" alt=\"Devis\" title=\"\" width=\"96\"\/><\/div><div class=\"ugb-feature-grid__content\"><h5 class=\"ugb-feature-grid__title\">Quote<\/h5><p class=\"ugb-feature-grid__description\">We\u2019ll send you a quote with the costings and schedules once agreement on the plan is received, in the event of any modification.<\/p><\/div><\/div><div class=\"ugb-feature-grid__item ugb-feature-grid__item3 ugb--shadow-6\"><div class=\"ugb-feature-grid__image\"><img decoding=\"async\" class=\"ugb-img wp-image-780\" src=\"https:\/\/alstilen.com\/wp-content\/uploads\/2022\/03\/usineex.png\" alt=\"Fabrication-Exp\u00e9dition\" title=\"\" width=\"96\" srcset=\"https:\/\/www.alstilen.com\/wp-content\/uploads\/2022\/03\/usineex.png 165w, https:\/\/www.alstilen.com\/wp-content\/uploads\/2022\/03\/usineex-150x150.png 150w\" sizes=\"(max-width: 165px) 100vw, 165px\" \/><\/div><div class=\"ugb-feature-grid__content\"><h5 class=\"ugb-feature-grid__title\"><strong>Manufacturing-Shipping<\/strong><\/h5><p class=\"ugb-feature-grid__description\">Your part is manufactured using the very latest methods. Application of surface treatment if needed.<br>Dimensional inspection with report.<br>Shipping of part.<\/p><\/div><\/div><\/div><\/div><\/div>\n\n\n\n<p><\/p>\n<\/div><\/div><\/div><\/div><\/div><\/div>\n\n\n\n<p><\/p>\n","protected":false},"excerpt":{"rendered":"<p>Design, manufacture and inspection of high-precision parts Quote within 48 hours Delivery within 4 weeks Our services We work to the highest standards based on our customers\u2019 plans (CAT files and plans). The plans are studied by our engineering and design team to validate upstream the coherence of the functional dimensioning with our machining capacity, [&hellip;]<\/p>\n","protected":false},"author":2,"featured_media":0,"parent":0,"menu_order":0,"comment_status":"closed","ping_status":"closed","template":"","meta":{"footnotes":""},"class_list":["post-1399","page","type-page","status-publish","hentry"],"blocksy_meta":{"styles_descriptor":{"styles":{"desktop":"","tablet":"","mobile":""},"google_fonts":[],"version":6},"page_title_panel":"","has_hero_section":"disabled","96c62605c98d5f3b33ccba9de0e8a09a":"","hero_section":"type-1","hero_elements":[{"id":"custom_title","enabled":true,"heading_tag":"h1","title":"Home"},{"id":"custom_description","enabled":true,"description_visibility":{"desktop":true,"tablet":true,"mobile":false}},{"id":"custom_meta","enabled":false,"meta_elements":[{"id":"author","enabled":true,"label":"By","has_author_avatar":"yes","avatar_size":25},{"id":"post_date","enabled":true,"label":"On","date_format_source":"default","date_format":"M j, Y"},{"id":"comments","enabled":true}],"page_meta_elements":{"joined":true,"articles_count":true,"comments":true}},{"id":"breadcrumbs","enabled":false}],"81eff23be7b85bb072737fe86aab6b0e":"","hero_alignment1":"CT_CSS_SKIP_RULE","hero_margin":40,"hero_alignment2":"center","hero_vertical_alignment":"center","41844d2cd78f0c45f3b14b240669a431":"","hero_structure":"narrow","00b247a7a88899d79bc66e8459633d36":"","page_title_bg_type":"featured_image","custom_hero_background":{"attachment_id":null},"parallax":{"desktop":false,"tablet":false,"mobile":false},"f377062f3af031eba975551485485f5f":"","hero_height":"250px","pageTitleFont":{"family":"Default","variation":"Default","size":{"desktop":"32px","tablet":"30px","mobile":"25px"},"line-height":"CT_CSS_SKIP_RULE","letter-spacing":"CT_CSS_SKIP_RULE","text-transform":"CT_CSS_SKIP_RULE","text-decoration":"CT_CSS_SKIP_RULE"},"pageTitleFontColor":{"default":{"color":"CT_CSS_SKIP_RULEDEFAULT"}},"ca685216739c7709911a96ccefa060c6":"","pageMetaFont":{"family":"Default","variation":"n6","size":"12px","line-height":"1.3","letter-spacing":"CT_CSS_SKIP_RULE","text-transform":"uppercase","text-decoration":"CT_CSS_SKIP_RULE"},"pageMetaFontColor":{"default":{"color":"CT_CSS_SKIP_RULEDEFAULT"},"hover":{"color":"CT_CSS_SKIP_RULEDEFAULT"}},"page_meta_button_type_font_colors":{"default":{"color":"CT_CSS_SKIP_RULEDEFAULT"},"hover":{"color":"CT_CSS_SKIP_RULEDEFAULT"}},"page_meta_button_type_background_colors":{"default":{"color":"CT_CSS_SKIP_RULEDEFAULT"},"hover":{"color":"CT_CSS_SKIP_RULEDEFAULT"}},"9967dbf3dcfcc5e937636f158343e588":"","pageExcerptFont":{"family":"Default","variation":"Default","size":"CT_CSS_SKIP_RULE","line-height":"CT_CSS_SKIP_RULE","letter-spacing":"CT_CSS_SKIP_RULE","text-transform":"CT_CSS_SKIP_RULE","text-decoration":"CT_CSS_SKIP_RULE"},"pageExcerptColor":{"default":{"color":"CT_CSS_SKIP_RULEDEFAULT"}},"f41e690c0d6c0b8f0090b5324fa4db99":"","breadcrumbsFont":{"family":"Default","variation":"n6","size":"12px","line-height":"CT_CSS_SKIP_RULE","letter-spacing":"CT_CSS_SKIP_RULE","text-transform":"uppercase","text-decoration":"CT_CSS_SKIP_RULE"},"breadcrumbsFontColor":{"default":{"color":"CT_CSS_SKIP_RULEDEFAULT"},"initial":{"color":"CT_CSS_SKIP_RULEDEFAULT"},"hover":{"color":"CT_CSS_SKIP_RULEDEFAULT"}},"090ba266917fa39165f64813ca62d7ae":"","pageTitleOverlay":{"default":{"color":"CT_CSS_SKIP_RULE"}},"3ecbd23c7707de7098be76ef99efb4bf":"","pageTitleBackground":{"background_type":"color","background_pattern":"type-1","background_image":{"attachment_id":null,"x":0,"y":0},"gradient":"linear-gradient(135deg,rgba(6,147,227,1) 0%,rgb(155,81,224) 100%)","background_repeat":"no-repeat","background_size":"auto","background_attachment":"scroll","patternColor":{"default":{"color":"#e5e7ea"}},"overlayColor":{"default":{"color":"CT_CSS_SKIP_RULE"}},"backgroundColor":{"default":{"color":"var(--theme-palette-color-6)"}}},"37c99c7d669e95532a883cbc89d3e303":"","pageTitlePadding":{"top":"50px","bottom":"50px","left":"auto","right":"auto","linked":true},"e141f8e184adf7f795ccad44631ed6dc":"","page_structure_type":"default","a601a99b5fe592e0fd3506b067907b68":"","content_style_source":"inherit","content_style":"wide","vertical_spacing_source":"custom","content_area_spacing":"none","background":{"background_type":"color","background_pattern":"type-1","background_image":{"attachment_id":null,"x":0,"y":0},"gradient":"linear-gradient(135deg,rgba(6,147,227,1) 0%,rgb(155,81,224) 100%)","background_repeat":"no-repeat","background_size":"auto","background_attachment":"scroll","patternColor":{"default":{"color":"#e5e7ea"}},"overlayColor":{"default":{"color":"CT_CSS_SKIP_RULE"}},"backgroundColor":{"default":{"color":"CT_CSS_SKIP_RULE"}}},"content_background":{"background_type":"color","background_pattern":"type-1","background_image":{"attachment_id":null,"x":0,"y":0},"gradient":"linear-gradient(135deg,rgba(6,147,227,1) 0%,rgb(155,81,224) 100%)","background_repeat":"no-repeat","background_size":"auto","background_attachment":"scroll","patternColor":{"default":{"color":"#e5e7ea"}},"overlayColor":{"default":{"color":"CT_CSS_SKIP_RULE"}},"backgroundColor":{"default":{"color":"var(--theme-palette-color-8)"}}},"content_boxed_shadow":{"inherit":false,"blur":18,"spread":-6,"v_offset":12,"h_offset":0,"inset":false,"enable":true,"color":{"color":"rgba(34, 56, 101, 0.04)"}},"boxed_content_spacing":{"desktop":{"top":"40px","bottom":"40px","left":"40px","right":"40px","linked":true},"tablet":{"top":"35px","bottom":"35px","left":"35px","right":"35px","linked":true},"mobile":{"top":"20px","bottom":"20px","left":"20px","right":"20px","linked":true}},"content_boxed_radius":{"top":"3px","bottom":"3px","left":"3px","right":"3px","linked":true},"6bedd46035d925a41710ab7e18e3be96":"","disable_featured_image":"no","disable_header":"no","disable_footer":"no"},"featured_image_urls_v2":{"full":"","thumbnail":"","medium":"","medium_large":"","large":"","1536x1536":"","2048x2048":"","gform-image-choice-sm":"","gform-image-choice-md":"","gform-image-choice-lg":""},"post_excerpt_stackable_v2":"<p>Design, manufacture and inspection of high-precision parts Quote within 48 hours Delivery within 4 weeks Our services We work to the highest standards based on our customers\u2019 plans (CAT files and plans). The plans are studied by our engineering and design team to validate upstream the coherence of the functional dimensioning with our machining capacity, delivering a quote within\u00a048 hours.Drawing on our experience in designing machined parts, we can help you come up with a detailed and customised design. Upload your plansOnce we\u2019ve received your request, our design team will contact you to check the feasibility and details of your&hellip;<\/p>\n","category_list_v2":"","author_info_v2":{"name":"Alexandre Lassaigne","url":"https:\/\/www.alstilen.com\/en\/author\/alassaignealcen-com\/"},"comments_num_v2":"0 comments","yoast_head":"<!-- This site is optimized with the Yoast SEO plugin v27.4 - https:\/\/yoast.com\/product\/yoast-seo-wordpress\/ -->\n<title>Services - Alstilen<\/title>\n<meta name=\"description\" content=\"Votre pi\u00e8ce est fabriqu\u00e9e par les moyens les plus modernes. Application du traitement de surface, si besoin. Contr\u00f4le des c\u00f4tes avec rapport.\" \/>\n<meta name=\"robots\" content=\"index, follow, max-snippet:-1, max-image-preview:large, max-video-preview:-1\" \/>\n<link rel=\"canonical\" href=\"https:\/\/www.alstilen.com\/en\/services-2\/\" \/>\n<meta property=\"og:locale\" content=\"en_US\" \/>\n<meta property=\"og:type\" content=\"article\" \/>\n<meta property=\"og:title\" content=\"Services - Alstilen\" \/>\n<meta property=\"og:description\" content=\"Votre pi\u00e8ce est fabriqu\u00e9e par les moyens les plus modernes. Application du traitement de surface, si besoin. Contr\u00f4le des c\u00f4tes avec rapport.\" \/>\n<meta property=\"og:url\" content=\"https:\/\/www.alstilen.com\/en\/services-2\/\" \/>\n<meta property=\"og:site_name\" content=\"Alstilen\" \/>\n<meta property=\"article:modified_time\" content=\"2023-04-13T08:20:18+00:00\" \/>\n<meta property=\"og:image\" content=\"https:\/\/alstilen.com\/wp-content\/uploads\/2022\/03\/plan.png\" \/>\n<meta name=\"twitter:label1\" content=\"Est. reading time\" \/>\n\t<meta name=\"twitter:data1\" content=\"3 minutes\" \/>\n<script type=\"application\/ld+json\" class=\"yoast-schema-graph\">{\"@context\":\"https:\\\/\\\/schema.org\",\"@graph\":[{\"@type\":\"WebPage\",\"@id\":\"https:\\\/\\\/www.alstilen.com\\\/en\\\/services-2\\\/\",\"url\":\"https:\\\/\\\/www.alstilen.com\\\/en\\\/services-2\\\/\",\"name\":\"Services - Alstilen\",\"isPartOf\":{\"@id\":\"https:\\\/\\\/www.alstilen.com\\\/en\\\/#website\"},\"primaryImageOfPage\":{\"@id\":\"https:\\\/\\\/www.alstilen.com\\\/en\\\/services-2\\\/#primaryimage\"},\"image\":{\"@id\":\"https:\\\/\\\/www.alstilen.com\\\/en\\\/services-2\\\/#primaryimage\"},\"thumbnailUrl\":\"https:\\\/\\\/alstilen.com\\\/wp-content\\\/uploads\\\/2022\\\/03\\\/plan.png\",\"datePublished\":\"2023-04-13T08:18:29+00:00\",\"dateModified\":\"2023-04-13T08:20:18+00:00\",\"description\":\"Votre pi\u00e8ce est fabriqu\u00e9e par les moyens les plus modernes. Application du traitement de surface, si besoin. Contr\u00f4le des c\u00f4tes avec rapport.\",\"inLanguage\":\"en-US\",\"potentialAction\":[{\"@type\":\"ReadAction\",\"target\":[\"https:\\\/\\\/www.alstilen.com\\\/en\\\/services-2\\\/\"]}]},{\"@type\":\"ImageObject\",\"inLanguage\":\"en-US\",\"@id\":\"https:\\\/\\\/www.alstilen.com\\\/en\\\/services-2\\\/#primaryimage\",\"url\":\"https:\\\/\\\/alstilen.com\\\/wp-content\\\/uploads\\\/2022\\\/03\\\/plan.png\",\"contentUrl\":\"https:\\\/\\\/alstilen.com\\\/wp-content\\\/uploads\\\/2022\\\/03\\\/plan.png\"},{\"@type\":\"WebSite\",\"@id\":\"https:\\\/\\\/www.alstilen.com\\\/en\\\/#website\",\"url\":\"https:\\\/\\\/www.alstilen.com\\\/en\\\/\",\"name\":\"Alstilen\",\"description\":\"On-demand machining\",\"publisher\":{\"@id\":\"https:\\\/\\\/www.alstilen.com\\\/en\\\/#organization\"},\"potentialAction\":[{\"@type\":\"SearchAction\",\"target\":{\"@type\":\"EntryPoint\",\"urlTemplate\":\"https:\\\/\\\/www.alstilen.com\\\/en\\\/?s={search_term_string}\"},\"query-input\":{\"@type\":\"PropertyValueSpecification\",\"valueRequired\":true,\"valueName\":\"search_term_string\"}}],\"inLanguage\":\"en-US\"},{\"@type\":\"Organization\",\"@id\":\"https:\\\/\\\/www.alstilen.com\\\/en\\\/#organization\",\"name\":\"Alstilen\",\"url\":\"https:\\\/\\\/www.alstilen.com\\\/en\\\/\",\"logo\":{\"@type\":\"ImageObject\",\"inLanguage\":\"en-US\",\"@id\":\"https:\\\/\\\/www.alstilen.com\\\/en\\\/#\\\/schema\\\/logo\\\/image\\\/\",\"url\":\"https:\\\/\\\/www.alstilen.com\\\/wp-content\\\/uploads\\\/2022\\\/03\\\/ALSTILEN_LOGO_2-removebg-preview.png\",\"contentUrl\":\"https:\\\/\\\/www.alstilen.com\\\/wp-content\\\/uploads\\\/2022\\\/03\\\/ALSTILEN_LOGO_2-removebg-preview.png\",\"width\":658,\"height\":201,\"caption\":\"Alstilen\"},\"image\":{\"@id\":\"https:\\\/\\\/www.alstilen.com\\\/en\\\/#\\\/schema\\\/logo\\\/image\\\/\"}}]}<\/script>\n<!-- \/ Yoast SEO plugin. -->","yoast_head_json":{"title":"Services - Alstilen","description":"Votre pi\u00e8ce est fabriqu\u00e9e par les moyens les plus modernes. Application du traitement de surface, si besoin. Contr\u00f4le des c\u00f4tes avec rapport.","robots":{"index":"index","follow":"follow","max-snippet":"max-snippet:-1","max-image-preview":"max-image-preview:large","max-video-preview":"max-video-preview:-1"},"canonical":"https:\/\/www.alstilen.com\/en\/services-2\/","og_locale":"en_US","og_type":"article","og_title":"Services - Alstilen","og_description":"Votre pi\u00e8ce est fabriqu\u00e9e par les moyens les plus modernes. Application du traitement de surface, si besoin. Contr\u00f4le des c\u00f4tes avec rapport.","og_url":"https:\/\/www.alstilen.com\/en\/services-2\/","og_site_name":"Alstilen","article_modified_time":"2023-04-13T08:20:18+00:00","og_image":[{"url":"https:\/\/alstilen.com\/wp-content\/uploads\/2022\/03\/plan.png","type":"","width":"","height":""}],"twitter_misc":{"Est. reading time":"3 minutes"},"schema":{"@context":"https:\/\/schema.org","@graph":[{"@type":"WebPage","@id":"https:\/\/www.alstilen.com\/en\/services-2\/","url":"https:\/\/www.alstilen.com\/en\/services-2\/","name":"Services - Alstilen","isPartOf":{"@id":"https:\/\/www.alstilen.com\/en\/#website"},"primaryImageOfPage":{"@id":"https:\/\/www.alstilen.com\/en\/services-2\/#primaryimage"},"image":{"@id":"https:\/\/www.alstilen.com\/en\/services-2\/#primaryimage"},"thumbnailUrl":"https:\/\/alstilen.com\/wp-content\/uploads\/2022\/03\/plan.png","datePublished":"2023-04-13T08:18:29+00:00","dateModified":"2023-04-13T08:20:18+00:00","description":"Votre pi\u00e8ce est fabriqu\u00e9e par les moyens les plus modernes. Application du traitement de surface, si besoin. Contr\u00f4le des c\u00f4tes avec rapport.","inLanguage":"en-US","potentialAction":[{"@type":"ReadAction","target":["https:\/\/www.alstilen.com\/en\/services-2\/"]}]},{"@type":"ImageObject","inLanguage":"en-US","@id":"https:\/\/www.alstilen.com\/en\/services-2\/#primaryimage","url":"https:\/\/alstilen.com\/wp-content\/uploads\/2022\/03\/plan.png","contentUrl":"https:\/\/alstilen.com\/wp-content\/uploads\/2022\/03\/plan.png"},{"@type":"WebSite","@id":"https:\/\/www.alstilen.com\/en\/#website","url":"https:\/\/www.alstilen.com\/en\/","name":"Alstilen","description":"On-demand machining","publisher":{"@id":"https:\/\/www.alstilen.com\/en\/#organization"},"potentialAction":[{"@type":"SearchAction","target":{"@type":"EntryPoint","urlTemplate":"https:\/\/www.alstilen.com\/en\/?s={search_term_string}"},"query-input":{"@type":"PropertyValueSpecification","valueRequired":true,"valueName":"search_term_string"}}],"inLanguage":"en-US"},{"@type":"Organization","@id":"https:\/\/www.alstilen.com\/en\/#organization","name":"Alstilen","url":"https:\/\/www.alstilen.com\/en\/","logo":{"@type":"ImageObject","inLanguage":"en-US","@id":"https:\/\/www.alstilen.com\/en\/#\/schema\/logo\/image\/","url":"https:\/\/www.alstilen.com\/wp-content\/uploads\/2022\/03\/ALSTILEN_LOGO_2-removebg-preview.png","contentUrl":"https:\/\/www.alstilen.com\/wp-content\/uploads\/2022\/03\/ALSTILEN_LOGO_2-removebg-preview.png","width":658,"height":201,"caption":"Alstilen"},"image":{"@id":"https:\/\/www.alstilen.com\/en\/#\/schema\/logo\/image\/"}}]}},"_links":{"self":[{"href":"https:\/\/www.alstilen.com\/en\/wp-json\/wp\/v2\/pages\/1399","targetHints":{"allow":["GET"]}}],"collection":[{"href":"https:\/\/www.alstilen.com\/en\/wp-json\/wp\/v2\/pages"}],"about":[{"href":"https:\/\/www.alstilen.com\/en\/wp-json\/wp\/v2\/types\/page"}],"author":[{"embeddable":true,"href":"https:\/\/www.alstilen.com\/en\/wp-json\/wp\/v2\/users\/2"}],"replies":[{"embeddable":true,"href":"https:\/\/www.alstilen.com\/en\/wp-json\/wp\/v2\/comments?post=1399"}],"version-history":[{"count":0,"href":"https:\/\/www.alstilen.com\/en\/wp-json\/wp\/v2\/pages\/1399\/revisions"}],"wp:attachment":[{"href":"https:\/\/www.alstilen.com\/en\/wp-json\/wp\/v2\/media?parent=1399"}],"curies":[{"name":"wp","href":"https:\/\/api.w.org\/{rel}","templated":true}]}}